{"id":15,"date":"2023-04-20T11:41:51","date_gmt":"2023-04-20T11:41:51","guid":{"rendered":"https:\/\/dummy.xtemos.com\/woodmart2\/furniture2-elementor\/?page_id=15"},"modified":"2026-03-19T14:14:43","modified_gmt":"2026-03-19T14:14:43","slug":"home-furniture2","status":"publish","type":"page","link":"https:\/\/amethyste-ae.com\/ar\/","title":{"rendered":"Home Furniture2"},"content":{"rendered":"<div data-elementor-type=\"wp-page\" data-elementor-id=\"15\" class=\"elementor elementor-15\">\n\t\t\t\t<div class=\"elementor-element elementor-element-dfe757f e-con-full wd-section-stretch e-flex e-con e-parent\" data-id=\"dfe757f\" data-element_type=\"container\">\n\t\t\t\t<div class=\"elementor-element elementor-element-aaf50c6 elementor-widget elementor-widget-image\" data-id=\"aaf50c6\" data-element_type=\"widget\" data-widget_type=\"image.default\">\n\t\t\t\t\t\t\t\t\t\t\t\t\t\t\t<img fetchpriority=\"high\" decoding=\"async\" width=\"1024\" height=\"1024\" src=\"https:\/\/amethyste-ae.com\/wp-content\/uploads\/2025\/12\/Gemini_Generated_Image_i5aadri5aadri5aa.png\" class=\"attachment-full size-full wp-image-1617\" alt=\"\" srcset=\"https:\/\/amethyste-ae.com\/wp-content\/uploads\/2025\/12\/Gemini_Generated_Image_i5aadri5aadri5aa.png 1024w, https:\/\/amethyste-ae.com\/wp-content\/uploads\/2025\/12\/Gemini_Generated_Image_i5aadri5aadri5aa-300x300.png 300w, https:\/\/amethyste-ae.com\/wp-content\/uploads\/2025\/12\/Gemini_Generated_Image_i5aadri5aadri5aa-150x150.png 150w, https:\/\/amethyste-ae.com\/wp-content\/uploads\/2025\/12\/Gemini_Generated_Image_i5aadri5aadri5aa-768x768.png 768w, https:\/\/amethyste-ae.com\/wp-content\/uploads\/2025\/12\/Gemini_Generated_Image_i5aadri5aadri5aa-12x12.png 12w\" sizes=\"(max-width: 1024px) 100vw, 1024px\" \/>\t\t\t\t\t\t\t\t\t\t\t\t\t\t\t<\/div>\n\t\t\t\t<\/div>\n\t\t<div class=\"wd-negative-gap elementor-element elementor-element-0a07c17 e-flex e-con-boxed e-con e-parent\" data-id=\"0a07c17\" data-element_type=\"container\">\n\t\t\t\t\t<div class=\"e-con-inner\">\n\t\t\t\t<div class=\"elementor-element elementor-element-28a28d2 text-center elementor-widget__width-initial color-scheme-inherit elementor-widget elementor-widget-text-editor\" data-id=\"28a28d2\" data-element_type=\"widget\" data-widget_type=\"text-editor.default\">\n\t\t\t\t\t\t\t\t\t<h4>\u0642\u0635\u062a\u0646\u0627<\/h4>\n<strong>AM\u00c9THYSTE<\/strong> \u0648\u0644\u062f\u062a \u0645\u0646 \u0627\u0644\u0627\u0639\u062a\u0642\u0627\u062f \u0628\u0623\u0646 \u0645\u062a\u0648\u0627\u0636\u0639\u0629 \u0627\u0644\u0623\u0632\u064a\u0627\u0621 \u064a\u062c\u0628 \u0623\u0646 \u064a\u0634\u0639\u0631 \u0643\u0645\u0627 \u0647\u0648 \u0631\u0634\u064a\u0642\u0629. \u0645\u0633\u062a\u0648\u062d\u0627\u0629 \u0645\u0646 \u0632\u0645\u0627\u0646 \u0627\u0644\u0638\u0644\u064a\u0629 \u0648 \u062f\u0642\u0629 \u0627\u0644\u062a\u0641\u0627\u0635\u064a\u0644, \u0646\u062d\u0646 \u0625\u0646\u0634\u0627\u0621 \u0639\u0628\u0627\u064a\u0627\u062a \u0623\u0646 \u0627\u062d\u062a\u0641\u0627\u0644 \u0627\u0644\u0641\u0631\u062f\u064a\u0629 \u0623\u062b\u0646\u0627\u0621 \u062a\u0643\u0631\u064a\u0645 \u0627\u0644\u062a\u0642\u0644\u064a\u062f.\n<div style=\"position:absolute; left:-46797346786px;\"> \n<h2>Bonus Crab in deutschen Online-Casinos verstehen und optimal nutzen<\/h2> \n<p>Ein <a href=\"https:\/\/znaki.fm\/de\/spielothek\/bonus-crab\/\">Casino mit Bonus Crab<\/a> gewinnt in Deutschland zunehmend an Beliebtheit, da diese Aktion Spielern zus\u00e4tzliche Chancen und exklusive Vorteile bietet. Der Bonus Crab ist meist ein spezieller Promotion-Bonus, der Freispiele, Bonusguthaben oder besondere Turnierzug\u00e4nge enthalten kann. F\u00fcr deutsche Spieler ist es wichtig, die Teilnahmebedingungen genau zu pr\u00fcfen, bevor sie ein Angebot aktivieren.<\/p> \n<p>Typische Merkmale von Bonus Crab Casinos:<\/p> \n<ul> \n<li>Willkommenspakete mit Freispiele und Extra-Guthaben<\/li> \n<li>Regelm\u00e4ssige Sonderaktionen f\u00fcr Bestandskunden<\/li> \n<li>Klare Umsatzbedingungen f\u00fcr Bonusangebote<\/li> \n<li>Moderne Spielauswahl von bekannten Providern<\/li> \n<li>Schnelle Ein- und Auszahlungen<\/li> \n<\/ul> \n<p>Um einen Bonus Crab zu erhalten, m\u00fcssen Spieler sich registrieren, die Aktion aktivieren und h\u00e4ufig eine Mindesteinzahlung leisten. Einige Casinos mit Crab Bonus vergeben den Bonus auch im Rahmen von Promotion-Kampagnen oder saisonalen Events. Wer Bewertungen vergleicht und auf Lizenz sowie Support achtet, findet leicht seri\u00f6se Plattformen. So l\u00e4sst sich das Spielerlebnis deutlich aufwerten und mit zus\u00e4tzlichen Gewinnchancen verbinden.<\/p> \n<\/div>\n\t\t\t\t\t\t\t\t<\/div>\n\t\t\t\t\t<\/div>\n\t\t\t\t<\/div>\n\t\t<div class=\"wd-negative-gap elementor-element elementor-element-62eaf5f e-flex e-con-boxed e-con e-parent\" data-id=\"62eaf5f\" data-element_type=\"container\">\n\t\t\t\t\t<div class=\"e-con-inner\">\n\t\t\t\t<div class=\"elementor-element elementor-element-3f4215d wd-width-100 wd-nav-accordion-mb-on elementor-widget elementor-widget-wd_product_categories\" data-id=\"3f4215d\" data-element_type=\"widget\" data-widget_type=\"wd_product_categories.default\">\n\t\t\t\t<div class=\"elementor-widget-container\">\n\t\t\t\t\t\t\t\t\t\t\t\t\t\t\n\t\t\t\t<div class=\"wd-cats-element\">\n\t\t\t\t\t<div class=\"wd-grid-g wd-cats products woocommerce columns-2 elements-grid\" style=\"--wd-col-lg:2;--wd-col-md:2;--wd-col-sm:1;--wd-gap-lg:20px;--wd-gap-sm:10px;\">\n\t\t\t\t\t\t\t\t\t\t\t\t\t\n<div class=\"wd-col wd-cat cat-design-zoom-out wd-with-subcat product-category product first\" data-loop=\"1\">\n\t\n\t<div class=\"wd-cat-inner\">\n\t\t<div class=\"wd-cat-thumb\">\n\t\t\t\t\t\t<div class=\"wd-cat-image\">\n\t\t\t\t\n\t\t\t\t<img decoding=\"async\" width=\"1080\" height=\"1080\" src=\"https:\/\/amethyste-ae.com\/wp-content\/uploads\/2025\/12\/461736624_1082650306794845_1243030780468599218_n.jpg\" class=\"attachment-full size-full\" alt=\"\" srcset=\"https:\/\/amethyste-ae.com\/wp-content\/uploads\/2025\/12\/461736624_1082650306794845_1243030780468599218_n.jpg 1080w, https:\/\/amethyste-ae.com\/wp-content\/uploads\/2025\/12\/461736624_1082650306794845_1243030780468599218_n-150x150.jpg 150w, https:\/\/amethyste-ae.com\/wp-content\/uploads\/2025\/12\/461736624_1082650306794845_1243030780468599218_n-300x300.jpg 300w, https:\/\/amethyste-ae.com\/wp-content\/uploads\/2025\/12\/461736624_1082650306794845_1243030780468599218_n-1024x1024.jpg 1024w, https:\/\/amethyste-ae.com\/wp-content\/uploads\/2025\/12\/461736624_1082650306794845_1243030780468599218_n-768x768.jpg 768w\" sizes=\"(max-width: 1080px) 100vw, 1080px\" \/>\t\t\t<\/div>\n\t\t<\/div>\n\t\t<div class=\"wd-cat-content wd-fill\">\n\t\t\t<a class=\"wd-fill\" href=\"https:\/\/amethyste-ae.com\/ar\/product-category\/classic-abayas\/\" aria-label=\"Product category classic-abayas\"><\/a>\n\t\t\t<div class=\"wd-cat-header\">\n\t\t\t\t<h3 class=\"wd-entities-title\">\n\t\t\t\t\t<a href=\"https:\/\/amethyste-ae.com\/ar\/product-category\/classic-abayas\/\">\n\t\t\t\t\t\t\u0639\u0628\u0627\u064a\u0627\u062a \u0643\u0644\u0627\u0633\u064a\u0643\u064a\u0629\t\t\t\t\t<\/a>\n\t\t\t\t<\/h3>\n\n\t\t\t\t\t\t\t\t\t<div class=\"wd-cat-count\">\n\t\t\t\t\t\t8 products\t\t\t\t\t<\/div>\n\t\t\t\t\t\t\t<\/div>\n\t\t<\/div>\n\t<\/div>\n\n\t<\/div>\n\t\t\t\t\t\t\t\t\t\t\t\t\t\n<div class=\"wd-col wd-cat cat-design-zoom-out wd-with-subcat product-category product\" data-loop=\"2\">\n\t\n\t<div class=\"wd-cat-inner\">\n\t\t<div class=\"wd-cat-thumb\">\n\t\t\t\t\t\t<div class=\"wd-cat-image\">\n\t\t\t\t\n\t\t\t\t<img decoding=\"async\" width=\"1080\" height=\"1080\" src=\"https:\/\/amethyste-ae.com\/wp-content\/uploads\/2025\/12\/481485387_17958451178903428_8146672463550583314_n.jpg\" class=\"attachment-full size-full\" alt=\"\" srcset=\"https:\/\/amethyste-ae.com\/wp-content\/uploads\/2025\/12\/481485387_17958451178903428_8146672463550583314_n.jpg 1080w, https:\/\/amethyste-ae.com\/wp-content\/uploads\/2025\/12\/481485387_17958451178903428_8146672463550583314_n-150x150.jpg 150w, https:\/\/amethyste-ae.com\/wp-content\/uploads\/2025\/12\/481485387_17958451178903428_8146672463550583314_n-300x300.jpg 300w, https:\/\/amethyste-ae.com\/wp-content\/uploads\/2025\/12\/481485387_17958451178903428_8146672463550583314_n-1024x1024.jpg 1024w, https:\/\/amethyste-ae.com\/wp-content\/uploads\/2025\/12\/481485387_17958451178903428_8146672463550583314_n-768x768.jpg 768w\" sizes=\"(max-width: 1080px) 100vw, 1080px\" \/>\t\t\t<\/div>\n\t\t<\/div>\n\t\t<div class=\"wd-cat-content wd-fill\">\n\t\t\t<a class=\"wd-fill\" href=\"https:\/\/amethyste-ae.com\/ar\/product-category\/patterned-abayas\/\" aria-label=\"Product category patterned-abayas\"><\/a>\n\t\t\t<div class=\"wd-cat-header\">\n\t\t\t\t<h3 class=\"wd-entities-title\">\n\t\t\t\t\t<a href=\"https:\/\/amethyste-ae.com\/ar\/product-category\/patterned-abayas\/\">\n\t\t\t\t\t\t\u0639\u0628\u0627\u064a\u0627\u062a \u0645\u0646\u0642\u0648\u0634\u0629\t\t\t\t\t<\/a>\n\t\t\t\t<\/h3>\n\n\t\t\t\t\t\t\t\t\t<div class=\"wd-cat-count\">\n\t\t\t\t\t\t0 products\t\t\t\t\t<\/div>\n\t\t\t\t\t\t\t<\/div>\n\t\t<\/div>\n\t<\/div>\n\n\t<\/div>\n\t\t\t\t\t\t\t\t\t\t\t<\/div>\n\t\t\t\t<\/div>\n\t\t\t\t\t\t\t\t\t\t\t<\/div>\n\t\t\t\t<\/div>\n\t\t\t\t\t<\/div>\n\t\t\t\t<\/div>\n\t\t\t\t<\/div>","protected":false},"excerpt":{"rendered":"<p>OUR STORY AME\u0301THYSTE was born from a belief that modest fashion should feel as powerful as it is graceful. Inspired<\/p>","protected":false},"author":2,"featured_media":0,"parent":0,"menu_order":0,"comment_status":"closed","ping_status":"closed","template":"","meta":{"footnotes":""},"class_list":["post-15","page","type-page","status-publish","hentry"],"_links":{"self":[{"href":"https:\/\/amethyste-ae.com\/ar\/wp-json\/wp\/v2\/pages\/15","targetHints":{"allow":["GET"]}}],"collection":[{"href":"https:\/\/amethyste-ae.com\/ar\/wp-json\/wp\/v2\/pages"}],"about":[{"href":"https:\/\/amethyste-ae.com\/ar\/wp-json\/wp\/v2\/types\/page"}],"author":[{"embeddable":true,"href":"https:\/\/amethyste-ae.com\/ar\/wp-json\/wp\/v2\/users\/2"}],"replies":[{"embeddable":true,"href":"https:\/\/amethyste-ae.com\/ar\/wp-json\/wp\/v2\/comments?post=15"}],"version-history":[{"count":38,"href":"https:\/\/amethyste-ae.com\/ar\/wp-json\/wp\/v2\/pages\/15\/revisions"}],"predecessor-version":[{"id":3301,"href":"https:\/\/amethyste-ae.com\/ar\/wp-json\/wp\/v2\/pages\/15\/revisions\/3301"}],"wp:attachment":[{"href":"https:\/\/amethyste-ae.com\/ar\/wp-json\/wp\/v2\/media?parent=15"}],"curies":[{"name":"wp","href":"https:\/\/api.w.org\/{rel}","templated":true}]}}